{"id":34,"date":"2024-05-15T07:55:43","date_gmt":"2024-05-15T07:55:43","guid":{"rendered":"https:\/\/yonomebenzo.isolmurcia.org\/?page_id=34"},"modified":"2024-06-05T13:25:26","modified_gmt":"2024-06-05T13:25:26","slug":"consentimiento","status":"publish","type":"page","link":"https:\/\/yonomebenzo.isolmurcia.org\/?page_id=34","title":{"rendered":"Consentimiento"},"content":{"rendered":"<p>[et_pb_section fb_built=\u00bb1&#8243; custom_padding_last_edited=\u00bbon|tablet\u00bb admin_label=\u00bbPackages\u00bb _builder_version=\u00bb4.16&#8243; custom_padding=\u00bb110px||59px|||\u00bb custom_padding_tablet=\u00bb0px||0px|\u00bb custom_padding_phone=\u00bb\u00bb global_colors_info=\u00bb{}\u00bb][et_pb_row custom_padding_last_edited=\u00bbon|phone\u00bb admin_label=\u00bbPackages Title\u00bb _builder_version=\u00bb4.16&#8243; custom_padding=\u00bb30px|0px|120px|0px\u00bb custom_padding_tablet=\u00bb60px||0px|\u00bb custom_padding_phone=\u00bb\u00bb locked=\u00bboff\u00bb global_colors_info=\u00bb{}\u00bb][et_pb_column type=\u00bb4_4&#8243; _builder_version=\u00bb4.16&#8243; custom_padding=\u00bb|||\u00bb global_colors_info=\u00bb{}\u00bb custom_padding__hover=\u00bb|||\u00bb][et_pb_text _builder_version=\u00bb4.25.1&#8243; text_font=\u00bb||||\u00bb text_text_color=\u00bb#1a1a1a\u00bb header_font=\u00bbAnton|||on|||||\u00bb header_text_align=\u00bbcenter\u00bb header_font_size=\u00bb38px\u00bb header_line_height=\u00bb1.3em\u00bb module_alignment=\u00bbcenter\u00bb custom_margin=\u00bb|||\u00bb custom_padding=\u00bb|||\u00bb animation_style=\u00bbslide\u00bb animation_direction=\u00bbtop\u00bb animation_intensity_slide=\u00bb10%\u00bb locked=\u00bboff\u00bb global_colors_info=\u00bb{}\u00bb]<\/p>\n<h1>Informaci\u00f3n y consentimiento expl\u00edcito Yonomebenzo<\/h1>\n<p>[\/et_pb_text][et_pb_divider color=\u00bb#E02B20&#8243; divider_weight=\u00bb3px\u00bb disabled_on=\u00bboff|off|off\u00bb _builder_version=\u00bb4.25.1&#8243; max_width=\u00bb150px\u00bb module_alignment=\u00bbcenter\u00bb height=\u00bbfalse\u00bb custom_margin=\u00bb30px|||\u00bb animation_style=\u00bbslide\u00bb animation_direction=\u00bbtop\u00bb animation_delay=\u00bb100ms\u00bb animation_intensity_slide=\u00bb10%\u00bb locked=\u00bboff\u00bb global_colors_info=\u00bb{}\u00bb][\/et_pb_divider][\/et_pb_column][\/et_pb_row][et_pb_row admin_label=\u00bbPackage\u00bb _builder_version=\u00bb4.25.1&#8243; background_size=\u00bbinitial\u00bb background_position=\u00bbtop_left\u00bb background_repeat=\u00bbrepeat\u00bb global_colors_info=\u00bb{}\u00bb][et_pb_column type=\u00bb4_4&#8243; _builder_version=\u00bb4.16&#8243; custom_padding=\u00bb|||\u00bb global_colors_info=\u00bb{}\u00bb custom_padding__hover=\u00bb|||\u00bb][et_pb_contact_form email=\u00bbyonomebenzo@isolmurcia.org,audiovisuales@isolmurcia.org,icontreras@isolmurcia.org\u00bb title=\u00bbFormulario de consentimiento\u00bb custom_message=\u00bbMensaje enviado desde el formulario de contacto de la web: yonomebenzo.isolmurcia.org||et_pb_line_break_holder||||et_pb_line_break_holder||Nombre: %%Name%%||et_pb_line_break_holder||||et_pb_line_break_holder||Email: %%Email%%||et_pb_line_break_holder||||et_pb_line_break_holder||Tel\u00e9fono: %%telefono%%||et_pb_line_break_holder||||et_pb_line_break_holder||Consentimiento: %%consentimiento%%\u00bb success_message=\u00bbSu mensaje ha sido enviado con \u00e9xito\u00bb _builder_version=\u00bb4.25.1&#8243; _module_preset=\u00bbdefault\u00bb _unique_id=\u00bbf012f037-1d27-475c-95bd-fb2e866ef409&#8243; hover_enabled=\u00bb0&#8243; global_colors_info=\u00bb{}\u00bb sticky_enabled=\u00bb0&#8243;][et_pb_contact_field field_id=\u00bbName\u00bb field_title=\u00bbNombre y Apellidos\u00bb _builder_version=\u00bb4.25.1&#8243; global_colors_info=\u00bb{}\u00bb button_text_size__hover_enabled=\u00bboff\u00bb button_one_text_size__hover_enabled=\u00bboff\u00bb button_two_text_size__hover_enabled=\u00bboff\u00bb button_text_color__hover_enabled=\u00bboff\u00bb button_one_text_color__hover_enabled=\u00bboff\u00bb button_two_text_color__hover_enabled=\u00bboff\u00bb button_border_width__hover_enabled=\u00bboff\u00bb button_one_border_width__hover_enabled=\u00bboff\u00bb button_two_border_width__hover_enabled=\u00bboff\u00bb button_border_color__hover_enabled=\u00bboff\u00bb button_one_border_color__hover_enabled=\u00bboff\u00bb button_two_border_color__hover_enabled=\u00bboff\u00bb button_border_radius__hover_enabled=\u00bboff\u00bb button_one_border_radius__hover_enabled=\u00bboff\u00bb button_two_border_radius__hover_enabled=\u00bboff\u00bb button_letter_spacing__hover_enabled=\u00bboff\u00bb button_one_letter_spacing__hover_enabled=\u00bboff\u00bb button_two_letter_spacing__hover_enabled=\u00bboff\u00bb button_bg_color__hover_enabled=\u00bboff\u00bb button_one_bg_color__hover_enabled=\u00bboff\u00bb button_two_bg_color__hover_enabled=\u00bboff\u00bb][\/et_pb_contact_field][et_pb_contact_field field_id=\u00bbEmail\u00bb field_title=\u00bbDirecci\u00f3n de correo electr\u00f3nico\u00bb field_type=\u00bbemail\u00bb _builder_version=\u00bb4.25.1&#8243; global_colors_info=\u00bb{}\u00bb button_text_size__hover_enabled=\u00bboff\u00bb button_one_text_size__hover_enabled=\u00bboff\u00bb button_two_text_size__hover_enabled=\u00bboff\u00bb button_text_color__hover_enabled=\u00bboff\u00bb button_one_text_color__hover_enabled=\u00bboff\u00bb button_two_text_color__hover_enabled=\u00bboff\u00bb button_border_width__hover_enabled=\u00bboff\u00bb button_one_border_width__hover_enabled=\u00bboff\u00bb button_two_border_width__hover_enabled=\u00bboff\u00bb button_border_color__hover_enabled=\u00bboff\u00bb button_one_border_color__hover_enabled=\u00bboff\u00bb button_two_border_color__hover_enabled=\u00bboff\u00bb button_border_radius__hover_enabled=\u00bboff\u00bb button_one_border_radius__hover_enabled=\u00bboff\u00bb button_two_border_radius__hover_enabled=\u00bboff\u00bb button_letter_spacing__hover_enabled=\u00bboff\u00bb button_one_letter_spacing__hover_enabled=\u00bboff\u00bb button_two_letter_spacing__hover_enabled=\u00bboff\u00bb button_bg_color__hover_enabled=\u00bboff\u00bb button_one_bg_color__hover_enabled=\u00bboff\u00bb button_two_bg_color__hover_enabled=\u00bboff\u00bb][\/et_pb_contact_field][et_pb_contact_field field_id=\u00bbtelefono\u00bb field_title=\u00bbTel\u00e9fono\u00bb min_length=\u00bb9&#8243; max_length=\u00bb9&#8243; allowed_symbols=\u00bbnumbers\u00bb _builder_version=\u00bb4.25.1&#8243; _module_preset=\u00bbdefault\u00bb global_colors_info=\u00bb{}\u00bb][\/et_pb_contact_field][et_pb_contact_field field_id=\u00bbconsentimiento\u00bb field_title=\u00bbEl Interesado consiente el tratamiento de sus datos en los te\u0301rminos expuestos\u00bb field_type=\u00bbcheckbox\u00bb checkbox_options=\u00bb%91{%22value%22:%22Acepto Pol\u00edtica de Privacidad%22,%22checked%22:0,%22dragID%22:-1}%93&#8243; fullwidth_field=\u00bbon\u00bb _builder_version=\u00bb4.25.1&#8243; _module_preset=\u00bbdefault\u00bb global_colors_info=\u00bb{}\u00bb][\/et_pb_contact_field][\/et_pb_contact_form][et_pb_text _builder_version=\u00bb4.25.1&#8243; _module_preset=\u00bbdefault\u00bb global_colors_info=\u00bb{}\u00bb]<\/p>\n<div class=\"page\" title=\"Page 1\">\n<div class=\"layoutArea\">\n<div class=\"column\">\n<p style=\"text-align: justify;\"><strong>POL\u00cdTICA DE PRIVACIDAD<\/strong><\/p>\n<p style=\"text-align: justify;\"><span>ASOCIACIO\u0301N MURCIANA DE REHABILITACIO\u0301N PSICOSOCIAL es el <\/span><span>Responsable del tratamiento <\/span><span>de los datos personales del <\/span><span>Interesado <\/span><span>y le informa que estos datos sera\u0301n tratados de conformidad con lo dispuesto en el Reglamento (UE) 2016\/679 de 27 de abril (GDPR) y la Ley Orga\u0301nica 3\/2018 de 5 de diciembre (LOPDGDD), por lo que se le facilita la siguiente informacio\u0301n del tratamiento: <\/span><\/p>\n<p style=\"text-align: justify;\"><span>Fines del tratamiento<\/span><span>: Participacio\u0301n en el programa de salud YONOMEBENZO llevado a cabo por el responsable, a trave\u0301s del cual, mediante la atencio\u0301n personalizada y\/o grupos terape\u0301uticos y su participacio\u0301n en la escuela del suen\u0303o, prestamos servicios de atencio\u0301n y mejora de la calidad de vida de las personas. <\/span><\/p>\n<p style=\"text-align: justify;\"><span>Legitimacio\u0301n: <\/span><span>La base legal que hace posible el tratamiento de sus datos personales es su consentimiento por el cua\u0301l de forma expli\u0301cita e inequi\u0301voca esta\u0301 otorgando en este acto. <\/span><\/p>\n<p style=\"text-align: justify;\"><span>Procedencia: <\/span><span>Los datos sera\u0301n proporcionados por los profesionales de referencia de los centros de derivacio\u0301n o directamente por el interesado o por un tutor legal de este. Solo sera\u0301n solicitados aquellos datos estrictamente necesarios para cumplir con las finalidades expuestas. <\/span><\/p>\n<p style=\"text-align: justify;\"><span>Criterios de conservacio\u0301n de los datos<\/span><span>: se conservara\u0301n durante no ma\u0301s tiempo del necesario para mantener el fin del tratamiento o mientras existan prescripciones legales que dictaminen su custodia y cuando ya no sea necesario para ello, se suprimira\u0301n con medidas de seguridad adecuadas para garantizar la anonimizacio\u0301n de los datos o la destruccio\u0301n total de los mismos. <\/span><\/p>\n<p style=\"text-align: justify;\"><span>Comunicacio\u0301n de los datos<\/span><span>: Durante el proceso asistencial los datos podra\u0301n ser comunicados a los diferentes profesionales de los centros socio-sanitarios pu\u0301blicos o privados ya que es necesario para lograr los objetivos que se pretenden con el paciente en su proceso. Los datos obtenidos del proyecto podra\u0301n ser objeto de estudio en entornos de cara\u0301cter cienti\u0301fico- divulgativo garantizando la anonimizacio\u0301n de los mismos. <\/span><\/p>\n<p style=\"text-align: justify;\"><span>Derechos que asisten al Interesado<\/span><span>: -Derecho a retirar el consentimiento en cualquier momento, Derecho de acceso, rectificacio\u0301n, portabilidad y supresio\u0301n de sus datos y a la limitacio\u0301n u oposicio\u0301n a su tratamiento, Derecho a presentar una reclamacio\u0301n ante la Autoridad de control (www.aepd.es) si considera que el tratamiento no se ajusta a la normativa vigente. <\/span><\/p>\n<p style=\"text-align: justify;\"><span>Datos de contacto para ejercer sus derechos:<\/span><span>ASOCIACIO\u0301N MURCIANA DE REHABILITACIO\u0301N PSICOSOCIAL.Crta. Chorrico, Km.1, s\/n &#8211; 30500 Molina de Segura (Murcia). Email: pd.usuarios@isolmurcia.org.Datos de contacto del DPO: dpo@dataquality.es <\/span><\/p>\n<\/div>\n<\/div>\n<\/div>\n<p>[\/et_pb_text][\/et_pb_column][\/et_pb_row][\/et_pb_section][et_pb_section fb_built=\u00bb1&#8243; custom_padding_last_edited=\u00bbon|phone\u00bb admin_label=\u00bbOffer\u00bb _builder_version=\u00bb4.25.1&#8243; background_color=\u00bbrgba(0,0,0,0.5)\u00bb background_image=\u00bbhttps:\/\/yonomebenzo.isolmurcia.org\/wp-content\/uploads\/2024\/05\/imagen-WEB2.jpg\u00bb background_blend=\u00bbcolor\u00bb custom_padding=\u00bb120px||120px|\u00bb custom_padding_tablet=\u00bb80px||80px|\u00bb custom_padding_phone=\u00bb\u00bb locked=\u00bboff\u00bb global_colors_info=\u00bb{}\u00bb][\/et_pb_section]<\/p>\n","protected":false},"excerpt":{"rendered":"<p>Informaci\u00f3n y consentimiento expl\u00edcito Yonomebenzo POL\u00cdTICA DE PRIVACIDAD ASOCIACIO\u0301N MURCIANA DE REHABILITACIO\u0301N PSICOSOCIAL es el Responsable del tratamiento de los datos personales del Interesado y le informa que estos datos sera\u0301n tratados de conformidad con lo dispuesto en el Reglamento (UE) 2016\/679 de 27 de abril (GDPR) y la Ley Orga\u0301nica 3\/2018 de 5 de [&hellip;]<\/p>\n","protected":false},"author":1,"featured_media":0,"parent":0,"menu_order":0,"comment_status":"closed","ping_status":"closed","template":"","meta":{"_et_pb_use_builder":"on","_et_pb_old_content":"","_et_gb_content_width":"","footnotes":""},"class_list":["post-34","page","type-page","status-publish","hentry"],"_links":{"self":[{"href":"https:\/\/yonomebenzo.isolmurcia.org\/index.php?rest_route=\/wp\/v2\/pages\/34","targetHints":{"allow":["GET"]}}],"collection":[{"href":"https:\/\/yonomebenzo.isolmurcia.org\/index.php?rest_route=\/wp\/v2\/pages"}],"about":[{"href":"https:\/\/yonomebenzo.isolmurcia.org\/index.php?rest_route=\/wp\/v2\/types\/page"}],"author":[{"embeddable":true,"href":"https:\/\/yonomebenzo.isolmurcia.org\/index.php?rest_route=\/wp\/v2\/users\/1"}],"replies":[{"embeddable":true,"href":"https:\/\/yonomebenzo.isolmurcia.org\/index.php?rest_route=%2Fwp%2Fv2%2Fcomments&post=34"}],"version-history":[{"count":5,"href":"https:\/\/yonomebenzo.isolmurcia.org\/index.php?rest_route=\/wp\/v2\/pages\/34\/revisions"}],"predecessor-version":[{"id":71,"href":"https:\/\/yonomebenzo.isolmurcia.org\/index.php?rest_route=\/wp\/v2\/pages\/34\/revisions\/71"}],"wp:attachment":[{"href":"https:\/\/yonomebenzo.isolmurcia.org\/index.php?rest_route=%2Fwp%2Fv2%2Fmedia&parent=34"}],"curies":[{"name":"wp","href":"https:\/\/api.w.org\/{rel}","templated":true}]}}